{"id":142,"date":"2019-03-17T22:51:12","date_gmt":"2019-03-18T01:51:12","guid":{"rendered":"http:\/\/192.168.33.10\/wp-elite_tiro\/?page_id=142"},"modified":"2019-04-23T15:25:24","modified_gmt":"2019-04-23T18:25:24","slug":"regulamento","status":"publish","type":"page","link":"https:\/\/eliteclubedetiro.net.br\/?page_id=142","title":{"rendered":"Regulamento"},"content":{"rendered":"<p>Para ingressar \u00e0s depend\u00eancias do Elite Clube de Tiro, \u00e9 necess\u00e1rio que se cumpram os itens dispostos no nosso regimento interno. \u00c9 OBRIGAT\u00d3RIO:<br \/>\na) Apresentar documento de RG e CPF;<br \/>\nb) Apresentar certid\u00e3o negativa de antecedentes criminais;<br \/>\nc) Ler e assinar o Termo de Responsabilidade (v\u00e1lido para o exerc\u00edcio do ano) e ficha cadastral;<br \/>\nd) Usar o material de seguran\u00e7a (EPI) fornecido pelo clube;<br \/>\ne) Ser maior de idade (18 anos completos).<br \/>\n\u00c9 PROIBIDO:<br \/>\na) Ingressar com armas pr\u00f3prias sem declarar no ato do cadastro;<br \/>\nb) Menores de idade desacompanhados dos pais ou respons\u00e1veis;<br \/>\nc) Filmar ou fotografar no interior do stand sem autoriza\u00e7\u00e3o pr\u00e9via;<br \/>\nd) Comer ou beber dentro do stand;<br \/>\ne) Fumar nas depend\u00eancias do clube;<br \/>\nf) Mais de um atirador utilizando o mesmo box de tiro.<br \/>\nAOS PORTADORES DE ARMAS \u00c9 OBRIGAT\u00d3RIO APRESENTAR:<br \/>\nCIVIS<br \/>\na) Registro da arma (dentro da validade)<br \/>\nAGENTES DE SEGURAN\u00c7A P\u00daBLICA (OFICIAIS \/ POLICIAIS \/ FOR\u00c7AS ARMADAS \/ CORPO DE BOMBEIROS)<br \/>\na) Arma brasonada;<br \/>\nb) Carteira funcional;<\/p>\n","protected":false},"excerpt":{"rendered":"<p>Para ingressar \u00e0s depend\u00eancias do Elite Clube de Tiro, \u00e9 necess\u00e1rio que se cumpram os itens dispostos no nosso regimento interno. \u00c9 OBRIGAT\u00d3RIO: a) Apresentar documento de RG e CPF; b) Apresentar certid\u00e3o negativa de antecedentes criminais; c) Ler e assinar o Termo de Responsabilidade (v\u00e1lido para o exerc\u00edcio do ano) e ficha cadastral; d) [&hellip;]<\/p>\n","protected":false},"author":1,"featured_media":0,"parent":0,"menu_order":0,"comment_status":"closed","ping_status":"closed","template":"","meta":{"footnotes":""},"class_list":["post-142","page","type-page","status-publish","hentry"],"_links":{"self":[{"href":"https:\/\/eliteclubedetiro.net.br\/index.php?rest_route=\/wp\/v2\/pages\/142","targetHints":{"allow":["GET"]}}],"collection":[{"href":"https:\/\/eliteclubedetiro.net.br\/index.php?rest_route=\/wp\/v2\/pages"}],"about":[{"href":"https:\/\/eliteclubedetiro.net.br\/index.php?rest_route=\/wp\/v2\/types\/page"}],"author":[{"embeddable":true,"href":"https:\/\/eliteclubedetiro.net.br\/index.php?rest_route=\/wp\/v2\/users\/1"}],"replies":[{"embeddable":true,"href":"https:\/\/eliteclubedetiro.net.br\/index.php?rest_route=%2Fwp%2Fv2%2Fcomments&post=142"}],"version-history":[{"count":2,"href":"https:\/\/eliteclubedetiro.net.br\/index.php?rest_route=\/wp\/v2\/pages\/142\/revisions"}],"predecessor-version":[{"id":254,"href":"https:\/\/eliteclubedetiro.net.br\/index.php?rest_route=\/wp\/v2\/pages\/142\/revisions\/254"}],"wp:attachment":[{"href":"https:\/\/eliteclubedetiro.net.br\/index.php?rest_route=%2Fwp%2Fv2%2Fmedia&parent=142"}],"curies":[{"name":"wp","href":"https:\/\/api.w.org\/{rel}","templated":true}]}}