{"id":156,"date":"2019-03-19T16:38:31","date_gmt":"2019-03-19T19:38:31","guid":{"rendered":"http:\/\/192.168.33.10\/wp-elite_tiro\/?page_id=156"},"modified":"2019-04-20T18:06:19","modified_gmt":"2019-04-20T21:06:19","slug":"campeonatos","status":"publish","type":"page","link":"https:\/\/eliteclubedetiro.net.br\/?page_id=156","title":{"rendered":"Campeonatos"},"content":{"rendered":"\r\n<h3 class=\"wp-block-heading\">1\u00aa Etapa do Campeonato 2019 Tiro Armas de Fogo<\/h3>\r\n\r\n\r\n\r\n<p>\u00c9 um fato conhecido de todos que um leitor se distrair\u00e1 com o conte\u00fado de texto leg\u00edvel de uma p\u00e1gina quando estiver examinando sua diagrama\u00e7\u00e3o. A vantagem de usar Lorem Ipsum \u00e9 que ele tem uma distribui\u00e7\u00e3o normal de letras, ao contr\u00e1rio de &#8220;Conte\u00fado aqui, conte\u00fado aqui&#8221;, fazendo com que ele tenha uma apar\u00eancia similar a de um texto leg\u00edvel. Muitos softwares de publica\u00e7\u00e3o e editores de p\u00e1ginas na internet agora usam Lorem Ipsum como texto-modelo padr\u00e3o, e uma r\u00e1pida busca por &#8216;lorem ipsum&#8217; mostra v\u00e1rios websites ainda em sua fase de constru\u00e7\u00e3o. V\u00e1rias vers\u00f5es novas surgiram ao longo dos anos, eventualmente por acidente, e \u00e0s vezes de prop\u00f3sito (injetando humor, e coisas do g\u00eanero).<\/p>\r\n<p><img fetchpriority=\"high\" decoding=\"async\" class=\"alignnone size-medium wp-image-147\" src=\"http:\/\/eliteclubedetiro.net.br\/wp\/wp-content\/uploads\/2019\/03\/slide3-300x199.jpg\" alt=\"\" width=\"300\" height=\"199\" srcset=\"https:\/\/eliteclubedetiro.net.br\/wp-content\/uploads\/2019\/03\/slide3-300x199.jpg 300w, https:\/\/eliteclubedetiro.net.br\/wp-content\/uploads\/2019\/03\/slide3-768x510.jpg 768w, https:\/\/eliteclubedetiro.net.br\/wp-content\/uploads\/2019\/03\/slide3-1024x680.jpg 1024w\" sizes=\"(max-width: 300px) 100vw, 300px\" \/> <img decoding=\"async\" class=\"alignnone size-medium wp-image-169\" src=\"http:\/\/eliteclubedetiro.net.br\/wp\/wp-content\/uploads\/2019\/03\/42913eec-de2e-418f-909b-85b58196ed3c-300x169.jpeg\" alt=\"\" width=\"300\" height=\"169\" srcset=\"https:\/\/eliteclubedetiro.net.br\/wp-content\/uploads\/2019\/03\/42913eec-de2e-418f-909b-85b58196ed3c-300x169.jpeg 300w, https:\/\/eliteclubedetiro.net.br\/wp-content\/uploads\/2019\/03\/42913eec-de2e-418f-909b-85b58196ed3c-768x432.jpeg 768w, https:\/\/eliteclubedetiro.net.br\/wp-content\/uploads\/2019\/03\/42913eec-de2e-418f-909b-85b58196ed3c.jpeg 960w\" sizes=\"(max-width: 300px) 100vw, 300px\" \/><\/p>\r\n","protected":false},"excerpt":{"rendered":"<p>1\u00aa Etapa do Campeonato 2019 Tiro Armas de Fogo \u00c9 um fato conhecido de todos que um leitor se distrair\u00e1 com o conte\u00fado de texto leg\u00edvel de uma p\u00e1gina quando estiver examinando sua diagrama\u00e7\u00e3o. A vantagem de usar Lorem Ipsum \u00e9 que ele tem uma distribui\u00e7\u00e3o normal de letras, ao contr\u00e1rio de &#8220;Conte\u00fado aqui, conte\u00fado [&hellip;]<\/p>\n","protected":false},"author":1,"featured_media":0,"parent":0,"menu_order":0,"comment_status":"closed","ping_status":"closed","template":"","meta":{"footnotes":""},"class_list":["post-156","page","type-page","status-publish","hentry"],"_links":{"self":[{"href":"https:\/\/eliteclubedetiro.net.br\/index.php?rest_route=\/wp\/v2\/pages\/156","targetHints":{"allow":["GET"]}}],"collection":[{"href":"https:\/\/eliteclubedetiro.net.br\/index.php?rest_route=\/wp\/v2\/pages"}],"about":[{"href":"https:\/\/eliteclubedetiro.net.br\/index.php?rest_route=\/wp\/v2\/types\/page"}],"author":[{"embeddable":true,"href":"https:\/\/eliteclubedetiro.net.br\/index.php?rest_route=\/wp\/v2\/users\/1"}],"replies":[{"embeddable":true,"href":"https:\/\/eliteclubedetiro.net.br\/index.php?rest_route=%2Fwp%2Fv2%2Fcomments&post=156"}],"version-history":[{"count":0,"href":"https:\/\/eliteclubedetiro.net.br\/index.php?rest_route=\/wp\/v2\/pages\/156\/revisions"}],"wp:attachment":[{"href":"https:\/\/eliteclubedetiro.net.br\/index.php?rest_route=%2Fwp%2Fv2%2Fmedia&parent=156"}],"curies":[{"name":"wp","href":"https:\/\/api.w.org\/{rel}","templated":true}]}}