{"id":430,"date":"2025-02-05T15:36:12","date_gmt":"2025-02-05T18:36:12","guid":{"rendered":"https:\/\/eliteclubedetiro.net.br\/?page_id=430"},"modified":"2025-02-05T15:36:12","modified_gmt":"2025-02-05T18:36:12","slug":"parceiros-elite","status":"publish","type":"page","link":"https:\/\/eliteclubedetiro.net.br\/?page_id=430","title":{"rendered":"Parceiros Elite"},"content":{"rendered":"<p>No <strong>Elite Clube de Tiro<\/strong>, valorizamos parcerias estrat\u00e9gicas que fortalecem a experi\u00eancia dos nossos associados e promovem o esporte de tiro com excel\u00eancia. Contamos com empresas e profissionais que compartilham nosso compromisso com seguran\u00e7a, qualidade e inova\u00e7\u00e3o.<\/p>\n<p data-pm-slice=\"0 0 []\">\u3164<\/p>\n<p><strong>Benef\u00edcios para nossos associados<br \/>\n<\/strong><\/p>\n<p data-pm-slice=\"0 0 []\">\u3164<\/p>\n<p>Os parceiros do Elite Clube de Tiro oferecem condi\u00e7\u00f5es especiais, descontos exclusivos e servi\u00e7os diferenciados para nossos membros.<\/p>\n<p data-pm-slice=\"0 0 []\">\u3164<\/p>\n<p><strong> Nossos Parceiros<\/strong><\/p>\n<p data-pm-slice=\"0 0 []\">\u3164<\/p>\n<p>\ud83d\udd39 <strong>Lojas especializadas<\/strong> \u2013 Venda de armas, muni\u00e7\u00f5es e acess\u00f3rios com pre\u00e7os exclusivos.<br \/>\n\ud83d\udd39 <strong>Instrutores credenciados<\/strong> \u2013 Treinamento e cursos para iniciantes e avan\u00e7ados.<br \/>\n\ud83d\udd39 <strong>Assessoria jur\u00eddica<\/strong> \u2013 Suporte para regulariza\u00e7\u00e3o de documenta\u00e7\u00e3o e porte de arma.<br \/>\n\ud83d\udd39 <strong>Empresas de seguran\u00e7a<\/strong> \u2013 Consultoria e equipamentos para prote\u00e7\u00e3o pessoal e patrimonial.<br \/>\n\ud83d\udd39 <strong>Cl\u00ednicas e psic\u00f3logos<\/strong> \u2013 Laudos e avalia\u00e7\u00f5es para CACs (Colecionadores, Atiradores e Ca\u00e7adores).<\/p>\n<p data-pm-slice=\"0 0 []\">\u3164<\/p>\n<p>Seja voc\u00ea tamb\u00e9m um parceiro do <strong>Elite Clube de Tiro<\/strong> e fa\u00e7a parte da nossa rede de benef\u00edcios.<\/p>\n<p data-pm-slice=\"0 0 []\">\u3164<\/p>\n<p>\ud83d\udce9 <strong>Entre em contato<\/strong> e descubra como sua empresa pode se tornar um parceiro!<\/p>\n","protected":false},"excerpt":{"rendered":"<p>No Elite Clube de Tiro, valorizamos parcerias estrat\u00e9gicas que fortalecem a experi\u00eancia dos nossos associados e promovem o esporte de tiro com excel\u00eancia. Contamos com empresas e profissionais que compartilham nosso compromisso com seguran\u00e7a, qualidade e inova\u00e7\u00e3o. \u3164 Benef\u00edcios para nossos associados \u3164 Os parceiros do Elite Clube de Tiro oferecem condi\u00e7\u00f5es especiais, descontos exclusivos [&hellip;]<\/p>\n","protected":false},"author":1,"featured_media":0,"parent":0,"menu_order":0,"comment_status":"closed","ping_status":"closed","template":"","meta":{"footnotes":""},"class_list":["post-430","page","type-page","status-publish","hentry"],"_links":{"self":[{"href":"https:\/\/eliteclubedetiro.net.br\/index.php?rest_route=\/wp\/v2\/pages\/430","targetHints":{"allow":["GET"]}}],"collection":[{"href":"https:\/\/eliteclubedetiro.net.br\/index.php?rest_route=\/wp\/v2\/pages"}],"about":[{"href":"https:\/\/eliteclubedetiro.net.br\/index.php?rest_route=\/wp\/v2\/types\/page"}],"author":[{"embeddable":true,"href":"https:\/\/eliteclubedetiro.net.br\/index.php?rest_route=\/wp\/v2\/users\/1"}],"replies":[{"embeddable":true,"href":"https:\/\/eliteclubedetiro.net.br\/index.php?rest_route=%2Fwp%2Fv2%2Fcomments&post=430"}],"version-history":[{"count":1,"href":"https:\/\/eliteclubedetiro.net.br\/index.php?rest_route=\/wp\/v2\/pages\/430\/revisions"}],"predecessor-version":[{"id":431,"href":"https:\/\/eliteclubedetiro.net.br\/index.php?rest_route=\/wp\/v2\/pages\/430\/revisions\/431"}],"wp:attachment":[{"href":"https:\/\/eliteclubedetiro.net.br\/index.php?rest_route=%2Fwp%2Fv2%2Fmedia&parent=430"}],"curies":[{"name":"wp","href":"https:\/\/api.w.org\/{rel}","templated":true}]}}