{"id":48,"date":"2019-03-17T11:04:46","date_gmt":"2019-03-17T14:04:46","guid":{"rendered":"http:\/\/192.168.33.10\/wp-elite_tiro\/?page_id=48"},"modified":"2020-07-28T09:36:54","modified_gmt":"2020-07-28T12:36:54","slug":"faq-perguntas-mais-frequentes","status":"publish","type":"page","link":"https:\/\/eliteclubedetiro.net.br\/?page_id=48","title":{"rendered":"D\u00favidas"},"content":{"rendered":"\r\n<h4 class=\"wp-block-heading\"><em>Perguntas Mais Frequentes<\/em><\/h4>\r\n\r\n\r\n\r\n<h3 class=\"wp-block-heading\">Como fa\u00e7o para praticar?<\/h3>\r\n\r\n\r\n\r\n<blockquote class=\"wp-block-quote is-layout-flow wp-block-quote-is-layout-flow\">\r\n<p>Nosso espa\u00e7o \u00e9 destinado exclusivamente \u00e0 pr\u00e1tica do tiro. Nossas instala\u00e7\u00f5es est\u00e3o abertas aos nossos associados e as institui\u00e7\u00f5es de seguran\u00e7a p\u00fablica.<br \/>N\u00e3o \u00e9 necess\u00e1rio possuir arma de fogo pr\u00f3pria para frequentar o Elite Clube de Tiro. O clube possui armas de fogo e muni\u00e7\u00f5es para a pr\u00e1tica do tiro esportivo.<br \/>Todos os procedimentos s\u00e3o acompanhados por monitores qualificados, para que seja garantida a total seguran\u00e7a na pr\u00e1tica do tiro, ao praticante e aos demais usu\u00e1rios.<br \/>PARA INGRESSAR NAS DEPEND\u00caNCIAS DO CLUBE, PRATICANDO TIRO OU N\u00c3O, AS REGRAS ABAIXO DEVEM SER OBSERVADAS:<br \/>\u2022 Ter 18 (dezoito) anos completos<br \/>\u2022 Realizar um cadastro pr\u00e9vio na secretaria do clube, apresentando seus documentos pessoais originais e com foto (RG e CPF)<br \/>\u2022 Certid\u00e3o negativa de antecedentes criminais<br \/>\u2022 Preencher e assinar termo de responsabilidade<br \/>\u2022 Utilizar material de prote\u00e7\u00e3o (EPI), que s\u00e3o fornecidos pelo clube<br \/>Caso possua arma de fogo pr\u00f3pria, devidamente registrada e legalizada, conforme determina\u00e7\u00e3o dos \u00f3rg\u00e3os competentes (SFPC\/EXERCITO\/POLICIA FEDERAL), o praticante poder\u00e1 utiliz\u00e1-la em nossas instala\u00e7\u00f5es. Ser\u00e1 solicitada a todos os associados \u00e0 apresenta\u00e7\u00e3o da documenta\u00e7\u00e3o original do Registro da Arma de Fogo ou Guia de Tr\u00e1fego da mesma, dentro do prazo de validade. N\u00e3o ser\u00e3o aceitos documentos fora do prazo de validade ou c\u00f3pias.<br \/>No caso da utiliza\u00e7\u00e3o de muni\u00e7\u00f5es pr\u00f3prias, dever\u00e1 ser apresentado o CR do atirador, juntamente com a documenta\u00e7\u00e3o da arma.<br \/>TABELA DE PRE\u00c7OS<br \/>CONSULTE NOSSA TABELA DE PRE\u00c7OS POR TELEFONE OU PESSOALMENTE<br \/>Por determina\u00e7\u00e3o dos \u00f3rg\u00e3os regulamentadores, n\u00e3o informamos valores por e-mail ou pelo site.<\/p>\r\n<\/blockquote>\r\n\r\n\r\n<hr class=\"wp-block-separator\" \/>\r\n\r\n\r\n<h3 class=\"wp-block-heading\">Quero me tornar um associado o que devo fazer?<\/h3>\r\n\r\n\r\n\r\n<blockquote class=\"wp-block-quote is-layout-flow wp-block-quote-is-layout-flow\">\r\n<p>Para ingressar \u00e0s depend\u00eancias do ELITE CLUBE DE TIRO, \u00e9 necess\u00e1rio que se cumpram as seguintes regras:<br \/>\u00c9 OBRIGAT\u00d3RIO:\u00a0<br \/>1. Ser maior de idade (18 anos completos);<br \/>2. Apresentar documentos originais de identifica\u00e7\u00e3o (RG, CPF ou CNH);<br \/>3. O preenchimento, assinatura e ci\u00eancia de todos os formul\u00e1rios disponibilizados para a pr\u00e1tica de tiro, associa\u00e7\u00e3o ou perman\u00eancia nas depend\u00eancias do Elite Clube de Tiro;<br \/>4. Respeitar as normas de utiliza\u00e7\u00e3o do Elite Clube de Tiro e do stande, hor\u00e1rios e regras de seguran\u00e7a;<br \/>5. O uso de materiais de seguran\u00e7a (\u00f3culos e protetores auriculares) para a pr\u00e1tica e\/ou perman\u00eancia nos estandes, fornecidos pelo CLUBE ou de propriedade do atirador;<br \/>6. Transportar a arma de fogo da porta de entrada at\u00e9 o estande de tiro e vice-versa sem ostenta\u00e7\u00e3o e dentro de estojo adequado;<br \/>7. Aos que possuem arma pr\u00f3pria, apresentar a documenta\u00e7\u00e3o original da mesma, dentro da validade, no cadastro na secretaria e para confer\u00eancia do monitor no estande de tiro;<br \/>8. Zelar pelas instala\u00e7\u00f5es do Elite Clube de Tiro. Caso venha causar preju\u00edzo material oriundo de seu descuido, ser\u00e1 responsabilizado pelo ato;<br \/>\u00c9 PROIBIDO:\u00a0<br \/>1. Entrada de menores de idade no estande de tiro, segundo Decreto n\u00ba 5.123, de 01\/07\/2004 http:\/\/www.planalto.gov.br\/ccivil_03\/_ato2004-2006\/2004\/decreto\/d5123.htm<br \/>2. Ingressar nos estandes com armas pr\u00f3prias sem declarar no ato do cadastro;<br \/>3. O consumo de qualquer tipo de bebida ou comida no interior do stand;<br \/>4. Filmar ou fotografar no interior do stand sem pr\u00e9via autoriza\u00e7\u00e3o do clube;<br \/>5. Ministrar qualquer tipo de instru\u00e7\u00e3o em car\u00e1ter did\u00e1tico nas depend\u00eancias do clube, exceto os instrutores de tiro credenciados;<br \/>6. Mais de um atirador utilizando o mesmo box de tiro;<br \/>7. Fumar nas depend\u00eancias internas do Elite Clube de Tiro, conforme Lei Municipal.<\/p>\r\n<\/blockquote>\r\n\r\n\r\n<hr class=\"wp-block-separator\" \/>\r\n\r\n\r\n<h3 class=\"wp-block-heading\">Menores de idade pode frequentar?<\/h3>\r\n\r\n\r\n\r\n<blockquote class=\"wp-block-quote is-layout-flow wp-block-quote-is-layout-flow\">\r\n<p>Se\u00e7\u00e3o II<br \/>Dos Atiradores, Ca\u00e7adores e Colecionadores<br \/>Subse\u00e7\u00e3o I<br \/>Da Pr\u00e1tica de Tiro Desportivo<br \/>Art. 30. As agremia\u00e7\u00f5es esportivas e as empresas de instru\u00e7\u00e3o de tiro, os colecionadores, atiradores e ca\u00e7adores ser\u00e3o registrados no Comando do Ex\u00e9rcito, ao qual caber\u00e1 estabelecer normas e verificar o cumprimento das condi\u00e7\u00f5es de seguran\u00e7a dos dep\u00f3sitos das armas de fogo, muni\u00e7\u00f5es e equipamentos de recarga.<br \/>\u00a7 1o As armas pertencentes \u00e0s entidades mencionadas no caput e seus integrantes ter\u00e3o autoriza\u00e7\u00e3o para porte de tr\u00e2nsito (guia de tr\u00e1fego) a ser expedida pelo Comando do Ex\u00e9rcito.<br \/>\u00a7 2o A pr\u00e1tica de tiro desportivo por menores de dezoito anos dever\u00e1 ser autorizada judicialmente e deve restringir-se aos locais autorizados pelo Comando do Ex\u00e9rcito, utilizando arma da agremia\u00e7\u00e3o ou do respons\u00e1vel quando por este acompanhado.<br \/>\u00a7 3o A pr\u00e1tica de tiro desportivo por maiores de dezoito anos e menores de vinte e cinco anos pode ser feita utilizando arma de sua propriedade, registrada com amparo na Lei no 9.437, de 20 de fevereiro de 1997, de agremia\u00e7\u00e3o ou arma registrada e cedida por outro desportista.<br \/>Art. 31. A entrada de arma de fogo e muni\u00e7\u00e3o no pa\u00eds, como bagagem de atletas, para competi\u00e7\u00f5es internacionais ser\u00e1 autorizada pelo Comando do Ex\u00e9rcito.<br \/>\u00a7 1o O Porte de Tr\u00e2nsito das armas a serem utilizadas por delega\u00e7\u00f5es estrangeiras em competi\u00e7\u00e3o oficial de tiro no pa\u00eds ser\u00e1 expedido pelo Comando do Ex\u00e9rcito.<br \/>\u00a7 2o Os respons\u00e1veis e os integrantes pelas delega\u00e7\u00f5es estrangeiras e brasileiras em competi\u00e7\u00e3o oficial de tiro no pa\u00eds transportar\u00e3o suas armas desmuniciadas.<br \/><br \/>Consulte a \u00edntegra do Decreto\u00a0<a href=\"http:\/\/www.planalto.gov.br\/ccivil_03\/_Ato2004-2006\/2004\/Decreto\/D5123.htm\">clicando aqui<\/a>\u00a0(site do Planalto Federal).<\/p>\r\n<\/blockquote>\r\n\r\n\r\n<hr class=\"wp-block-separator\" \/>\r\n\r\n\r\n<h3 class=\"wp-block-heading\">Como devo me comportar no estante?<\/h3>\r\n\r\n\r\n\r\n<blockquote class=\"wp-block-quote is-layout-flow wp-block-quote-is-layout-flow\">\r\n<p>Para ingressar \u00e0s depend\u00eancias do ELITE CLUBE DE TIRO, \u00e9 necess\u00e1rio que se cumpram as seguintes regras:<br \/>\u00c9 OBRIGAT\u00d3RIO:\u00a0<br \/>1. Ser maior de idade (18 anos completos);<br \/>2. Apresentar documentos originais de identifica\u00e7\u00e3o (RG, CPF ou CNH);<br \/>3. O preenchimento, assinatura e ci\u00eancia de todos os formul\u00e1rios disponibilizados para a pr\u00e1tica de tiro, associa\u00e7\u00e3o ou perman\u00eancia nas depend\u00eancias do Elite Clube de Tiro;<br \/>4. Respeitar as normas de utiliza\u00e7\u00e3o do Elite Clube de Tiro e do stande, hor\u00e1rios e regras de seguran\u00e7a;<br \/>5. O uso de materiais de seguran\u00e7a (\u00f3culos e protetores auriculares) para a pr\u00e1tica e\/ou perman\u00eancia nos estandes, fornecidos pelo CLUBE ou de propriedade do atirador;<br \/>6. Transportar a arma de fogo da porta de entrada at\u00e9 o estande de tiro e vice-versa sem ostenta\u00e7\u00e3o e dentro de estojo adequado;<br \/>7. Aos que possuem arma pr\u00f3pria, apresentar a documenta\u00e7\u00e3o original da mesma, dentro da validade, no cadastro na secretaria e para confer\u00eancia do monitor no estande de tiro;<br \/>8. Zelar pelas instala\u00e7\u00f5es do Elite Clube de Tiro. Caso venha causar preju\u00edzo material oriundo de seu descuido, ser\u00e1 responsabilizado pelo ato;<br \/>\u00c9 PROIBIDO:\u00a0<br \/>1. Entrada de menores de idade no estande de tiro, segundo Decreto n\u00ba 5.123, de 01\/07\/2004 http:\/\/www.planalto.gov.br\/ccivil_03\/_ato2004-2006\/2004\/decreto\/d5123.htm<br \/>2. Ingressar nos estandes com armas pr\u00f3prias sem declarar no ato do cadastro;<br \/>3. O consumo de qualquer tipo de bebida ou comida no interior do stand;<br \/>4. Filmar ou fotografar no interior do stand sem pr\u00e9via autoriza\u00e7\u00e3o do clube;<br \/>5. Ministrar qualquer tipo de instru\u00e7\u00e3o em car\u00e1ter did\u00e1tico nas depend\u00eancias do clube, exceto os instrutores de tiro credenciados;<br \/>6. Mais de um atirador utilizando o mesmo box de tiro;<br \/>7. Fumar nas depend\u00eancias internas do Elite Clube de Tiro, conforme Lei Municipal.<\/p>\r\n<\/blockquote>\r\n\r\n\r\n<hr class=\"wp-block-separator\" \/>\r\n\r\n\r\n<h3 class=\"wp-block-heading\">Quais as regras de seguran\u00e7a?<\/h3>\r\n\r\n\r\n\r\n<blockquote class=\"wp-block-quote is-layout-flow wp-block-quote-is-layout-flow\">\r\n<p>Antes de ingressar nas depend\u00eancias do Elite Clube de Tiro, lembre-se:<br \/>A seguran\u00e7a do atirador e das pessoas que frequentam os locais onde se pr\u00e1tica o tiro \u00e9 responsabilidade de todos. Por isso, antes de ir ao stand, relembre e esteja ciente das regras abaixo descritas, para que seu manejo de arma seja sempre seguro e exemplar.<br \/><br \/>NORMAS E REGRAS DE SEGURAN\u00c7A (PADR\u00c3O CONAT e DPF)<br \/>1. Somente aponte sua arma, carregada ou n\u00e3o, para onde pretenda atirar;<br \/>2. Nunca engatilhe a arma se n\u00e3o for atirar;<br \/>3. A arma nunca dever\u00e1 ser apontada em dire\u00e7\u00e3o que n\u00e3o ofere\u00e7a seguran\u00e7a;<br \/>4. Trate a arma de fogo como se ela sempre estivesse carregada;<br \/>5. Antes de utilizar a arma, obtenha informa\u00e7\u00f5es sobre como manuse\u00e1-la, atrav\u00e9s de um instrutor credenciado;<br \/>6. Mantenha seu dedo estendido ao longo do corpo da arma at\u00e9 que voc\u00ea esteja realmente apontado para o alvo e pronto para o disparo;<br \/>7. Ao sacar ou coldrear uma arma, fa\u00e7a-o sempre com o dedo estendido ao longo da arma;<br \/>8. Sempre se certifique de que a arma esteja descarregada antes de qualquer limpeza;<br \/>9. Nunca deixe uma arma de forma descuidada;<br \/>10. Guarde armas e muni\u00e7\u00f5es separadamente e em locais fora do alcance de crian\u00e7as;<br \/>11. Nunca teste as travas de seguran\u00e7a da arma acionando a tecla do gatilho;<br \/>12. As travas de seguran\u00e7a da arma s\u00e3o apenas dispositivos mec\u00e2nicos e n\u00e3o substitutos do bom senso;<br \/>13. Certifique-se de que o alvo e a zona que o circunda sejam capazes de receber os impactos de disparos com a m\u00e1xima seguran\u00e7a;<br \/>14. Nunca atire em superf\u00edcies planas e duras ou em \u00e1gua, porque os proj\u00e9teis podem ricochetear;<br \/>15. Nunca pegue ou receba uma arma de fogo com o cano apontado em sua dire\u00e7\u00e3o;<br \/>16. Sempre que carregar ou descarregar uma arma, fa\u00e7a com o cano apontado para uma dire\u00e7\u00e3o segura;<br \/>17. Caso a arma \u201cnegue fogo\u201d, mantenha-a apontada para o alvo por alguns segundos. Em alguns casos, pode haver um retardamento de igni\u00e7\u00e3o do cartucho;<br \/>18. Sempre que entregar uma arma a algu\u00e9m, entregue-a descarregada;<br \/>19. Sempre que pegar uma arma, verifique se ela est\u00e1 realmente descarregada;<br \/>20. Verifique se a muni\u00e7\u00e3o corresponde ao tamanho e ao calibre da arma;<br \/>21. Quando a arma estiver fora do coldre e empunhada, nunca aponte para qualquer parte de seu corpo ou de outras pessoas ao seu redor, s\u00f3 aponte na dire\u00e7\u00e3o do alvo;<br \/>22. Rev\u00f3lveres desprendem lateralmente gases e alguns res\u00edduos de chumbo na folga existente entre o cano e o tambor. Pistolas e Rifles ejetam estojos quentes lateralmente. Quando estiver atirando, mantenha as m\u00e3os livres dessas zonas e certa dist\u00e2ncia de outras pessoas;<br \/>23. Tome cuidado com poss\u00edveis obstru\u00e7\u00f5es do cano da arma quando estiver atirando. Caso perceba algo de anormal com o recuo ou com o som da detona\u00e7\u00e3o, interrompa imediatamente os disparos, descarregue a arma e verifique cuidadosamente a exist\u00eancia de obstru\u00e7\u00f5es no cano. Um proj\u00e9til ou qualquer outro objeto deve ser imediatamente removido, mesmo em se tratando de lama, terra, graxa, entre outros, a fim de evitar danos \u00e0 arma e\/ou ao atirador;<br \/>24. Sempre utilize \u00f3culos protetores e abafadores de ru\u00eddos quando estiver atirando;<br \/>25. Nunca modifique as caracter\u00edsticas originais da arma, e nos casos onde houver a necessidade o fa\u00e7a atrav\u00e9s de um armeiro profissional devidamente qualificado;<br \/>26. Nunca porte sua arma quando estiver sob efeito de subst\u00e2ncias que diminuam sua capacidade de percep\u00e7\u00e3o (\u00e1lcool, drogas il\u00edcitas ou medicamentos);<\/p>\r\n<\/blockquote>\r\n\r\n\r\n<hr class=\"wp-block-separator\" \/>\r\n\r\n\r\n<h3 class=\"wp-block-heading\">Qual o hor\u00e1rio de funcionamento?<\/h3>\r\n\r\n\r\n\r\n<blockquote class=\"wp-block-quote is-layout-flow wp-block-quote-is-layout-flow\">\r\n<p>Nosso Expediente:<br \/>\u2022 Segunda, Ter\u00e7a, Quarta, Quinta e Sexta: Das 14h \u00e0s 22h;<\/p>\r\n<\/blockquote>\r\n\r\n\r\n\r\n<blockquote class=\"wp-block-quote\">\r\n<p>&nbsp;<\/p>\r\n<\/blockquote>\r\n","protected":false},"excerpt":{"rendered":"<p>Perguntas Mais Frequentes Como fa\u00e7o para praticar? Nosso espa\u00e7o \u00e9 destinado exclusivamente \u00e0 pr\u00e1tica do tiro. Nossas instala\u00e7\u00f5es est\u00e3o abertas aos nossos associados e as institui\u00e7\u00f5es de seguran\u00e7a p\u00fablica.N\u00e3o \u00e9 necess\u00e1rio possuir arma de fogo pr\u00f3pria para frequentar o Elite Clube de Tiro. O clube possui armas de fogo e muni\u00e7\u00f5es para a pr\u00e1tica do [&hellip;]<\/p>\n","protected":false},"author":1,"featured_media":0,"parent":0,"menu_order":0,"comment_status":"closed","ping_status":"closed","template":"","meta":{"footnotes":""},"class_list":["post-48","page","type-page","status-publish","hentry"],"_links":{"self":[{"href":"https:\/\/eliteclubedetiro.net.br\/index.php?rest_route=\/wp\/v2\/pages\/48","targetHints":{"allow":["GET"]}}],"collection":[{"href":"https:\/\/eliteclubedetiro.net.br\/index.php?rest_route=\/wp\/v2\/pages"}],"about":[{"href":"https:\/\/eliteclubedetiro.net.br\/index.php?rest_route=\/wp\/v2\/types\/page"}],"author":[{"embeddable":true,"href":"https:\/\/eliteclubedetiro.net.br\/index.php?rest_route=\/wp\/v2\/users\/1"}],"replies":[{"embeddable":true,"href":"https:\/\/eliteclubedetiro.net.br\/index.php?rest_route=%2Fwp%2Fv2%2Fcomments&post=48"}],"version-history":[{"count":5,"href":"https:\/\/eliteclubedetiro.net.br\/index.php?rest_route=\/wp\/v2\/pages\/48\/revisions"}],"predecessor-version":[{"id":361,"href":"https:\/\/eliteclubedetiro.net.br\/index.php?rest_route=\/wp\/v2\/pages\/48\/revisions\/361"}],"wp:attachment":[{"href":"https:\/\/eliteclubedetiro.net.br\/index.php?rest_route=%2Fwp%2Fv2%2Fmedia&parent=48"}],"curies":[{"name":"wp","href":"https:\/\/api.w.org\/{rel}","templated":true}]}}